{"id":13,"date":"2021-10-08T20:53:46","date_gmt":"2021-10-08T18:53:46","guid":{"rendered":"http:\/\/www.cross-sport.at\/?page_id=13"},"modified":"2022-02-07T23:18:44","modified_gmt":"2022-02-07T22:18:44","slug":"cross-sport","status":"publish","type":"page","link":"https:\/\/www.cross-sport.at\/","title":{"rendered":"Cross-Sport"},"content":{"rendered":"\r\n<p style=\"text-align: justify;\"><strong><br \/>Cross-Sport<\/strong> ist ein flexibel gestaltetes Training bestehend aus Gewichtheben, Turnen und Ausdauer. Durch die Kombination verschiedener F\u00e4higkeiten wie z.B. Leistung, Geschwindigkeit, Koordination, Flexibilit\u00e4t, Ausdauer, Kraft, Balance und Genauigkeit wird deine allgemeine Fitness und Leistung gesteigert.<\/p>\r\n\r\n\r\n\r\n\r\n\r\n\r\n\r\n\r\n\r\n\r\n\r\n<figure class=\"wp-block-image size-large is-resized\"><\/figure>\r\n\r\n\r\n\r\n<figure id=\"attachment_29\" aria-describedby=\"caption-attachment-29\" style=\"width: 524px\" class=\"wp-caption alignright\"><a href=\"http:\/\/www.cross-sport.at\/wp-content\/uploads\/2021\/10\/Gruppenfoto-scaled.jpg\"><img loading=\"lazy\" class=\"wp-image-29\" src=\"http:\/\/www.cross-sport.at\/wp-content\/uploads\/2021\/10\/Gruppenfoto-940x1024.jpg\" alt=\"\" width=\"524\" height=\"571\" srcset=\"https:\/\/www.cross-sport.at\/wp-content\/uploads\/2021\/10\/Gruppenfoto-940x1024.jpg 940w, https:\/\/www.cross-sport.at\/wp-content\/uploads\/2021\/10\/Gruppenfoto-275x300.jpg 275w, https:\/\/www.cross-sport.at\/wp-content\/uploads\/2021\/10\/Gruppenfoto-768x837.jpg 768w, https:\/\/www.cross-sport.at\/wp-content\/uploads\/2021\/10\/Gruppenfoto-1410x1536.jpg 1410w, https:\/\/www.cross-sport.at\/wp-content\/uploads\/2021\/10\/Gruppenfoto-1880x2048.jpg 1880w\" sizes=\"(max-width: 524px) 100vw, 524px\" \/><\/a><figcaption id=\"caption-attachment-29\" class=\"wp-caption-text\">Wir, Sascha, Mateja, Babsi und Markus, freuen uns auf dich!<\/figcaption><\/figure>\r\n<p style=\"text-align: justify;\"><span style=\"color: #ff9900;\"><strong>Cross-Sport together stronger<\/strong><\/span><\/p>\r\n<p style=\"text-align: justify;\">Was macht uns aus?\r\n\r\n<\/p>\r\n<p style=\"text-align: justify;\">Freude am Training muss sein und der Schl\u00fcssel daf\u00fcr liegt in einer starken Gemeinschaft. Wir messen uns zwar in den Workouts, aber gleichzeitig k\u00e4mpfen wir uns da auch gemeinsam durch, bis der\/die Letzte das Ziel erreicht hat! In diversen freiwilligen Challenges, wie etwa unserem j\u00e4hrlichen Murturmlauf, gehen wir nicht nur an unsere k\u00f6rperlichen Grenzen, sondern kommen hier oft mit ganz anderen Leuten zusammen, als in der w\u00f6chentlichen Einheit. Da wurde schon so manche Bande geschlossen&#8230; Also: Aufgeben gibt\u2019s nicht: Together stronger ist unser Motto, das wir hier leben!<\/p>\r\n<p style=\"text-align: justify;\"><span style=\"color: #ff9900;\"><em>Der beste Weg uns kennen zu lernen, ist unser <strong>kostenloses Probetraining<\/strong><\/em>. <\/span><\/p>\r\n<p style=\"text-align: justify;\"><span style=\"color: #ff9900;\">\u2026 falls euch der erste Schritt allein zu schwer f\u00e4llt, bringt gern auch einen Freund oder eine Freundin mit!<\/span>\r\n\r\n<\/p>\r\n\n<div class=\"wpcf7 no-js\" id=\"wpcf7-f206-o1\" lang=\"de-AT\" dir=\"ltr\">\n<div class=\"screen-reader-response\"><p role=\"status\" aria-live=\"polite\" aria-atomic=\"true\"><\/p> <ul><\/ul><\/div>\n<form action=\"\/index.php?rest_route=%2Fwp%2Fv2%2Fpages%2F13#wpcf7-f206-o1\" method=\"post\" class=\"wpcf7-form init\" aria-label=\"Contact form\" novalidate=\"novalidate\" data-status=\"init\">\n<div style=\"display: none;\">\n<input type=\"hidden\" name=\"_wpcf7\" value=\"206\" \/>\n<input type=\"hidden\" name=\"_wpcf7_version\" value=\"5.7.5.1\" \/>\n<input type=\"hidden\" name=\"_wpcf7_locale\" value=\"de_AT\" \/>\n<input type=\"hidden\" name=\"_wpcf7_unit_tag\" value=\"wpcf7-f206-o1\" \/>\n<input type=\"hidden\" name=\"_wpcf7_container_post\" value=\"0\" \/>\n<input type=\"hidden\" name=\"_wpcf7_posted_data_hash\" value=\"\" \/>\n<\/div>\n<p><label> Name<br \/>\n<span class=\"wpcf7-form-control-wrap\" data-name=\"your-name\"><input size=\"40\" class=\"wpcf7-form-control wpcf7-text wpcf7-validates-as-required\" aria-required=\"true\" aria-invalid=\"false\" value=\"\" type=\"text\" name=\"your-name\" \/><\/span> <\/label>\n<\/p>\n<p><label> Deine Emailadresse<br \/>\n<span class=\"wpcf7-form-control-wrap\" data-name=\"your-email\"><input size=\"40\" class=\"wpcf7-form-control wpcf7-text wpcf7-email wpcf7-validates-as-required wpcf7-validates-as-email\" aria-required=\"true\" aria-invalid=\"false\" value=\"\" type=\"email\" name=\"your-email\" \/><\/span> <\/label>\n<\/p>\n<p><label> Betreff<br \/>\n<span class=\"wpcf7-form-control-wrap\" data-name=\"your-subject\"><input size=\"40\" class=\"wpcf7-form-control wpcf7-text wpcf7-validates-as-required\" aria-required=\"true\" aria-invalid=\"false\" value=\"\" type=\"text\" name=\"your-subject\" \/><\/span> <\/label>\n<\/p>\n<p><label> Deine Anfrage (optional)<br \/>\n<span class=\"wpcf7-form-control-wrap\" data-name=\"your-message\"><textarea cols=\"40\" rows=\"10\" class=\"wpcf7-form-control wpcf7-textarea\" aria-invalid=\"false\" name=\"your-message\"><\/textarea><\/span> <\/label>\n<\/p>\n<p><input class=\"wpcf7-form-control has-spinner wpcf7-submit\" type=\"submit\" value=\"senden\" \/>\n<\/p><p style=\"display: none !important;\"><label>&#916;<textarea name=\"_wpcf7_ak_hp_textarea\" cols=\"45\" rows=\"8\" maxlength=\"100\"><\/textarea><\/label><input type=\"hidden\" id=\"ak_js_1\" name=\"_wpcf7_ak_js\" value=\"173\"\/><script>document.getElementById( \"ak_js_1\" ).setAttribute( \"value\", ( new Date() ).getTime() );<\/script><\/p><div class=\"wpcf7-response-output\" aria-hidden=\"true\"><\/div>\n<\/form>\n<\/div>\n\r\n","protected":false},"excerpt":{"rendered":"<p>Cross-Sport ist ein flexibel gestaltetes Training bestehend aus Gewichtheben, Turnen und Ausdauer. Durch die Kombination verschiedener F\u00e4higkeiten wie z.B. Leistung,<\/p>\n<p><span class=\"more-link\"><a href=\"https:\/\/www.cross-sport.at\/\" class=\"readmore\">Continue reading<span class=\"screen-reader-text\">Cross-Sport<\/span><\/a><\/span><\/p>\n","protected":false},"author":1,"featured_media":0,"parent":0,"menu_order":0,"comment_status":"closed","ping_status":"closed","template":"","meta":[],"yoast_head":"<!-- This site is optimized with the Yoast SEO plugin v20.5 - https:\/\/yoast.com\/wordpress\/plugins\/seo\/ -->\n<title>Cross-Sport - cross-sport<\/title>\n<meta name=\"robots\" content=\"index, follow, max-snippet:-1, max-image-preview:large, max-video-preview:-1\" \/>\n<link rel=\"canonical\" href=\"https:\/\/www.cross-sport.at\/\" \/>\n<meta property=\"og:locale\" content=\"de_DE\" \/>\n<meta property=\"og:type\" content=\"article\" \/>\n<meta property=\"og:title\" content=\"Cross-Sport - cross-sport\" \/>\n<meta property=\"og:description\" content=\"Cross-Sport ist ein flexibel gestaltetes Training bestehend aus Gewichtheben, Turnen und Ausdauer. Durch die Kombination verschiedener F\u00e4higkeiten wie z.B. Leistung,Continue readingCross-Sport\" \/>\n<meta property=\"og:url\" content=\"https:\/\/www.cross-sport.at\/\" \/>\n<meta property=\"og:site_name\" content=\"cross-sport\" \/>\n<meta property=\"article:publisher\" content=\"https:\/\/www.facebook.com\/groups\/1689341107954368\/\" \/>\n<meta property=\"article:modified_time\" content=\"2022-02-07T22:18:44+00:00\" \/>\n<meta property=\"og:image\" content=\"http:\/\/www.cross-sport.at\/wp-content\/uploads\/2021\/10\/Gruppenfoto-940x1024.jpg\" \/>\n<meta name=\"twitter:card\" content=\"summary_large_image\" \/>\n<meta name=\"twitter:label1\" content=\"Gesch\u00e4tzte Lesezeit\" \/>\n\t<meta name=\"twitter:data1\" content=\"2 Minuten\" \/>\n<script type=\"application\/ld+json\" class=\"yoast-schema-graph\">{\"@context\":\"https:\/\/schema.org\",\"@graph\":[{\"@type\":\"WebPage\",\"@id\":\"https:\/\/www.cross-sport.at\/\",\"url\":\"https:\/\/www.cross-sport.at\/\",\"name\":\"Cross-Sport - cross-sport\",\"isPartOf\":{\"@id\":\"https:\/\/www.cross-sport.at\/#website\"},\"datePublished\":\"2021-10-08T18:53:46+00:00\",\"dateModified\":\"2022-02-07T22:18:44+00:00\",\"breadcrumb\":{\"@id\":\"https:\/\/www.cross-sport.at\/#breadcrumb\"},\"inLanguage\":\"de-AT\",\"potentialAction\":[{\"@type\":\"ReadAction\",\"target\":[\"https:\/\/www.cross-sport.at\/\"]}]},{\"@type\":\"BreadcrumbList\",\"@id\":\"https:\/\/www.cross-sport.at\/#breadcrumb\",\"itemListElement\":[{\"@type\":\"ListItem\",\"position\":1,\"name\":\"Home\",\"item\":\"https:\/\/www.cross-sport.at\/\"},{\"@type\":\"ListItem\",\"position\":2,\"name\":\"Cross-Sport\"}]},{\"@type\":\"WebSite\",\"@id\":\"https:\/\/www.cross-sport.at\/#website\",\"url\":\"https:\/\/www.cross-sport.at\/\",\"name\":\"cross-sport\",\"description\":\"together stronger\",\"publisher\":{\"@id\":\"https:\/\/www.cross-sport.at\/#organization\"},\"potentialAction\":[{\"@type\":\"SearchAction\",\"target\":{\"@type\":\"EntryPoint\",\"urlTemplate\":\"https:\/\/www.cross-sport.at\/?s={search_term_string}\"},\"query-input\":\"required name=search_term_string\"}],\"inLanguage\":\"de-AT\"},{\"@type\":\"Organization\",\"@id\":\"https:\/\/www.cross-sport.at\/#organization\",\"name\":\"Cross-Sport\",\"url\":\"https:\/\/www.cross-sport.at\/\",\"logo\":{\"@type\":\"ImageObject\",\"inLanguage\":\"de-AT\",\"@id\":\"https:\/\/www.cross-sport.at\/#\/schema\/logo\/image\/\",\"url\":\"http:\/\/www.cross-sport.at\/wp-content\/uploads\/2021\/10\/Logo_rauch-1024x975.png\",\"contentUrl\":\"http:\/\/www.cross-sport.at\/wp-content\/uploads\/2021\/10\/Logo_rauch-1024x975.png\",\"width\":1024,\"height\":975,\"caption\":\"Cross-Sport\"},\"image\":{\"@id\":\"https:\/\/www.cross-sport.at\/#\/schema\/logo\/image\/\"},\"sameAs\":[\"https:\/\/www.facebook.com\/groups\/1689341107954368\/\",\"https:\/\/www.instagram.com\/p\/BgbtclVjD5D\/?hl=de\"]}]}<\/script>\n<!-- \/ Yoast SEO plugin. -->","yoast_head_json":{"title":"Cross-Sport - cross-sport","robots":{"index":"index","follow":"follow","max-snippet":"max-snippet:-1","max-image-preview":"max-image-preview:large","max-video-preview":"max-video-preview:-1"},"canonical":"https:\/\/www.cross-sport.at\/","og_locale":"de_DE","og_type":"article","og_title":"Cross-Sport - cross-sport","og_description":"Cross-Sport ist ein flexibel gestaltetes Training bestehend aus Gewichtheben, Turnen und Ausdauer. Durch die Kombination verschiedener F\u00e4higkeiten wie z.B. Leistung,Continue readingCross-Sport","og_url":"https:\/\/www.cross-sport.at\/","og_site_name":"cross-sport","article_publisher":"https:\/\/www.facebook.com\/groups\/1689341107954368\/","article_modified_time":"2022-02-07T22:18:44+00:00","og_image":[{"url":"http:\/\/www.cross-sport.at\/wp-content\/uploads\/2021\/10\/Gruppenfoto-940x1024.jpg"}],"twitter_card":"summary_large_image","twitter_misc":{"Gesch\u00e4tzte Lesezeit":"2 Minuten"},"schema":{"@context":"https:\/\/schema.org","@graph":[{"@type":"WebPage","@id":"https:\/\/www.cross-sport.at\/","url":"https:\/\/www.cross-sport.at\/","name":"Cross-Sport - cross-sport","isPartOf":{"@id":"https:\/\/www.cross-sport.at\/#website"},"datePublished":"2021-10-08T18:53:46+00:00","dateModified":"2022-02-07T22:18:44+00:00","breadcrumb":{"@id":"https:\/\/www.cross-sport.at\/#breadcrumb"},"inLanguage":"de-AT","potentialAction":[{"@type":"ReadAction","target":["https:\/\/www.cross-sport.at\/"]}]},{"@type":"BreadcrumbList","@id":"https:\/\/www.cross-sport.at\/#breadcrumb","itemListElement":[{"@type":"ListItem","position":1,"name":"Home","item":"https:\/\/www.cross-sport.at\/"},{"@type":"ListItem","position":2,"name":"Cross-Sport"}]},{"@type":"WebSite","@id":"https:\/\/www.cross-sport.at\/#website","url":"https:\/\/www.cross-sport.at\/","name":"cross-sport","description":"together stronger","publisher":{"@id":"https:\/\/www.cross-sport.at\/#organization"},"potentialAction":[{"@type":"SearchAction","target":{"@type":"EntryPoint","urlTemplate":"https:\/\/www.cross-sport.at\/?s={search_term_string}"},"query-input":"required name=search_term_string"}],"inLanguage":"de-AT"},{"@type":"Organization","@id":"https:\/\/www.cross-sport.at\/#organization","name":"Cross-Sport","url":"https:\/\/www.cross-sport.at\/","logo":{"@type":"ImageObject","inLanguage":"de-AT","@id":"https:\/\/www.cross-sport.at\/#\/schema\/logo\/image\/","url":"http:\/\/www.cross-sport.at\/wp-content\/uploads\/2021\/10\/Logo_rauch-1024x975.png","contentUrl":"http:\/\/www.cross-sport.at\/wp-content\/uploads\/2021\/10\/Logo_rauch-1024x975.png","width":1024,"height":975,"caption":"Cross-Sport"},"image":{"@id":"https:\/\/www.cross-sport.at\/#\/schema\/logo\/image\/"},"sameAs":["https:\/\/www.facebook.com\/groups\/1689341107954368\/","https:\/\/www.instagram.com\/p\/BgbtclVjD5D\/?hl=de"]}]}},"_links":{"self":[{"href":"https:\/\/www.cross-sport.at\/index.php?rest_route=\/wp\/v2\/pages\/13"}],"collection":[{"href":"https:\/\/www.cross-sport.at\/index.php?rest_route=\/wp\/v2\/pages"}],"about":[{"href":"https:\/\/www.cross-sport.at\/index.php?rest_route=\/wp\/v2\/types\/page"}],"author":[{"embeddable":true,"href":"https:\/\/www.cross-sport.at\/index.php?rest_route=\/wp\/v2\/users\/1"}],"replies":[{"embeddable":true,"href":"https:\/\/www.cross-sport.at\/index.php?rest_route=%2Fwp%2Fv2%2Fcomments&post=13"}],"version-history":[{"count":29,"href":"https:\/\/www.cross-sport.at\/index.php?rest_route=\/wp\/v2\/pages\/13\/revisions"}],"predecessor-version":[{"id":465,"href":"https:\/\/www.cross-sport.at\/index.php?rest_route=\/wp\/v2\/pages\/13\/revisions\/465"}],"wp:attachment":[{"href":"https:\/\/www.cross-sport.at\/index.php?rest_route=%2Fwp%2Fv2%2Fmedia&parent=13"}],"curies":[{"name":"wp","href":"https:\/\/api.w.org\/{rel}","templated":true}]}}